{"id":25900,"date":"2023-12-21T10:28:29","date_gmt":"2023-12-21T02:28:29","guid":{"rendered":"http:\/\/www.fr-education.com\/?page_id=25900"},"modified":"2024-01-24T15:49:57","modified_gmt":"2024-01-24T07:49:57","slug":"elementor-25900","status":"publish","type":"page","link":"https:\/\/www.fr-education.com\/index.php\/all-courses\/elementor-25900\/","title":{"rendered":"\u5fb7\u56fd\u9ad8\u7b49\u827a\u672f\u5b66\u9662\u514d\u9ad8\u8003\u6210\u7ee9\u672c\u79d1\u76f4\u901a\u7559\u5b66\u9879\u76ee"},"content":{"rendered":"\t\t<div data-elementor-type=\"wp-page\" data-elementor-id=\"25900\" class=\"elementor elementor-25900\">\n\t\t\t\t<div class=\"elementor-element elementor-element-3fc7169 e-flex e-con-boxed e-con e-parent\" data-id=\"3fc7169\" data-element_type=\"container\" data-e-type=\"container\">\n\t\t\t\t\t<div class=\"e-con-inner\">\n\t\t\t\t<div class=\"elementor-element elementor-element-1a7bd05 elementor-widget elementor-widget-heading\" data-id=\"1a7bd05\" data-element_type=\"widget\" data-e-type=\"widget\" data-widget_type=\"heading.default\">\n\t\t\t\t<div class=\"elementor-widget-container\">\n\t\t\t\t\t<h2 class=\"elementor-heading-title elementor-size-default\">\u5fb7\u56fd\u9ad8\u7b49\u827a\u672f\u5b66\u9662\u514d\u9ad8\u8003\u6210\u7ee9\u672c\u79d1\u76f4\u901a\u7559\u5b66\u9879\u76ee<\/h2>\t\t\t\t<\/div>\n\t\t\t\t<\/div>\n\t\t\t\t<div class=\"elementor-element elementor-element-d0b40fe elementor-widget elementor-widget-text-editor\" data-id=\"d0b40fe\" data-element_type=\"widget\" data-e-type=\"widget\" data-widget_type=\"text-editor.default\">\n\t\t\t\t<div class=\"elementor-widget-container\">\n\t\t\t\t\t\t\t\t\t<ul><li><strong>\u9662\u6821\u4ecb\u7ecd\uff1a<\/strong><\/li><\/ul><p><strong><u>\u67cf\u6797\u97f3\u4e50\u5b66\u9662<\/u><\/strong><\/p><p>\u67cf\u6797\u97f3\u4e50\u5b66\u9662\u5168\u79f0\u662f\u67cf\u6797\u6c49\u65af\u00b7\u827e\u65af\u52d2\u97f3\u4e50\u5b66\u9662\uff08Hochschulef\u00fcrMusik &#8220;HannsEisler&#8221; Berlin\uff09\uff0c\u7b80\u79f0\u4e3a HfM Berlin\u3002\u67cf\u6797\u97f3\u4e50\u5b66\u9662\u6210\u7acb\u4e8e 1950 \u5e74\uff0c\u6210\u7acb\u65f6\u53eb\u5fb7\u56fd\u97f3\u4e50\u5b66\u9662\uff0c1953 \u5e74\uff0c\u8be5\u6821\u6210\u4e3a\u4e86\u6b27\u6d32\u7b2c\u4e00\u4e2a\u9664\u5668\u4e50\u58f0\u4e50\u5916\u63d0\u4f9b\u6b4c\u5267\u548c\u97f3\u4e50\u5267\u57f9\u8bad\u5bfc\u6f14\u7684\u97f3\u4e50\u5b66\u9662\u30021964 \u5e74 \u6539\u73b0\u540d\uff0c\u4ee5\u7eaa\u5ff5\u8457\u540d\u4f5c\u66f2\u5bb6 Hanns Eisler\u3002\u8457\u540d\u4f5c\u66f2\u5bb6\u52cb\u4f2f\u683c\u4e5f\u662f\u67cf\u6797\u97f3\u4e50\u5b66\u9662\u7684\u4e00\u5458\u3002 \u67cf\u6797\u97f3\u4e50\u5b66\u9662\u4f4d\u4e8e\u5386\u53f2\u540d\u57ce\u67cf\u6797\u7684\u4e2d\u90e8\uff0c\u5728 Gendarmen \u5e7f\u573a\u7684\u5267\u9662\u548c\u4e2d\u5fc3\u5efa\u7b51\u7684\u5468\u56f4\uff0c\u6709 \u7740\u4f18\u8d8a\u7684\u4eba\u6587\u73af\u5883\u548c\u5730\u7406\u4f4d\u7f6e\uff0c\u5e76\u6df1\u53d7\u4f17\u591a\u827a\u672f\u5bb6\u548c\u97f3\u4e50\u5bb6\u4f18\u826f\u4f20\u7edf\u7684\u79ef\u6781\u5f71\u54cd\u3002\u4e3a\u97f3\u4e50\u5b66 \u9662\u7684\u5b66\u5b50\u4eec\u63d0\u4f9b\u4e86\u5e7f\u6cdb\u800c\u6709\u5438\u5f15\u529b\u7684\u5b66\u4e60\u673a\u4f1a\u548c\u73af\u5883\u3002\u8be5\u5b66\u9662\u6210\u7acb\u4e8e 1950 \u5e74\uff0c\u9664\u4e86\u7ecf\u5178\u7684 Akademief\u00fcrK\u00fcnste ASK Berlin GmbH |PotsdamerStra\u00dfe. 199, 10783 Berlin\u4e50\u5668\u5b66\u4e13\u4e1a\u5916\uff0c\u5b66\u9662\u8fd8\u5f00\u8bbe\u4e86\u58f0\u4e50\u3001\u97f3\u4e50\u5267\u3001\u7b49\u8bfe\u7a0b\u3002\u5b66\u9662\u6709\u8bb8\u591a\u5728\u56fd\u9645\u4e0a\u4eab\u6709\u76db\u540d\u7684\u827a\u672f\u5bb6\u548c\u6559\u80b2\u5bb6\uff0c\u4fdd\u8bc1\u4e86\u5b66\u9662\u9ad8\u8d28\u91cf\u7684\u6559\u80b2\u6c34\u5e73\u3002<\/p><p><strong><u>\u5fb7\u56fd\u67cf\u6797\u827a\u672f\u5927\u5b66<\/u><\/strong><\/p><p>\u67cf\u6797\u827a\u672f\u5927\u5b66\uff08\u5fb7\u6587\uff1aUniversit\u00e4t der K\u00fcnste Berlin\uff09\u5177\u6709\u8d85\u8fc7 300 \u5e74\u5386\u53f2\u7684\u67cf\u6797\u827a\u672f \u5927\u5b66\u4e0d\u4ec5\u662f\u5fb7\u56fd\u6700\u8457\u540d\u3001\u89c4\u6a21\u6700\u5927\u7684\u9ad8\u7b49\u827a\u672f\u5b66\u5e9c\uff0c\u4e5f\u662f\u6b27\u6d32\u540d\u5217\u524d\u8305\u3001\u5b66\u79d1\u95e8\u7c7b\u6700\u4e3a\u9f50\u5168\u7684\u827a\u672f\u9662\u6821\u4e4b\u4e00\uff0c\u5728\u6b27\u6d32\u827a\u672f\u754c\u5360\u6709\u5341\u5206\u91cd\u8981\u7684\u5730\u4f4d\u3002\u67cf\u6797\u827a\u672f\u5927\u5b66\u62e5\u6709\u4e00\u652f\u9ad8\u5c42\u6b21\u7684\u6559\u5e08\u56e2\u961f\uff0c\u4e00\u5927\u6279\u6d3b\u8dc3\u5728\u5f53\u4eca\u4e16\u754c\u827a\u672f\u821e\u53f0\u4e0a\u7684\u8457\u540d\u827a\u672f\u5bb6\u5728\u8be5\u6821\u6267\u6559\u3002\u67cf\u6797\u827a\u672f\u5927\u5b66\u7684\u6559\u5b66\u7279\u8272\u4f53\u73b0\u5728\u201c\u8de8\u4e13\u4e1a\u601d\u8003\u201d\u548c\u201c\u8de8\u5b66\u79d1\u5de5\u4f5c\u201d \u4e0a\uff0c\u5373\u8ba9\u4e0d\u540c\u4e13\u4e1a\u7684\u5b66\u751f\u548c\u6559\u5e08\u4e4b\u95f4\u8fdb\u884c\u8de8\u4e13\u4e1a\u3001\u8de8\u5b66\u79d1\u7d27\u5bc6\u7684\u5408\u4f5c\u3002\u8fd9\u79cd\u6253\u7834\u4f20\u7edf\u6784\u67b6\u7684\u73b0\u4ee3\u6559\u5b66\u6a21\u5f0f\u65e2\u80fd\u591f\u62d3\u5bbd\u5b66\u751f\u539f\u672c\u76f8\u5bf9\u5c40\u9650\u7684\u827a\u672f\u6587\u5316\u89c6\u91ce\uff0c\u53c8\u80fd\u591f\u5f00\u542f\u5b66\u751f\u5168\u65b0\u7684\u827a\u672f\u521b\u9020\u601d\u7ef4\u3002<\/p><p><strong><u>\u67cf\u6797\u827a\u672f\u5b66\u9662<\/u><\/strong><\/p><p>\u5b66\u9662\u5750\u843d\u4e8e\u5fb7\u56fd\u9996\u90fd\u67cf\u6797\u5e02\u4e2d\u5fc3&#8211;\u820d\u6069\u8d1d\u683c\uff08Sch\u00f6neberg\uff09\uff0c\u8be5\u533a\u7684\u5f53\u4ee3\u827a\u672f\u753b\u5eca\u98ce\u683c\u65f6\u5c1a\uff0c\u548c\u6614\u65e5\u534e\u4e3d\u7684\u653f\u5e9c\u5efa\u7b51\u5f62\u6210\u9c9c\u660e\u7684\u5bf9\u6bd4\u3002\u67cf\u6797\u827a\u672f\u5b66\u9662\uff08ASK\uff09\u4e0e\u6c99\u5c14\u6587\u5361\u57fa\u91d1\u4f1a\uff08Scharwenka Stiftung\uff09\u3001\u6c99\u5c14\u6587\u5361\u534f\u4f1a\uff08Scharwenka Gesellschaft\uff09\u8fbe\u6210\u6218\u7565\u53d1\u5c55\u5408\u4f5c\uff0c\u5171\u540c\u53d1\u6398\u63a8\u5e7f\u5fb7\u56fd\u767e\u5e74\u97f3\u4e50\u827a\u672f\u7cbe\u534e\uff0c\u4f20\u64ad\u6c99\u5c14\u6587\u5361\u97f3\u4e50\u6559\u80b2\u7406\u5ff5\u3002\u57fa\u91d1\u4f1a\u524d\u8eab\u662f 1881 \u5e74\uff0d1936 \u5e74\u5728\u67cf\u6797\u6210\u7acb\u7684\u6c99\u5c14\u6587\u5361\u97f3\u4e50\u5b66\u9662\uff08Scharwenka Konservatorium\uff09\uff0c\u6614\u65e5\u7684\u767e\u5e74\u8001\u6821\u6821\u5740\u4e0e\u67cf\u6797\u827a\u672f\u5b66\u9662\uff08ASK\uff09\u6821\u5740\u3001\u8457\u540d\u7684\u67cf\u6797\u7231\u4e50\u5927\u5385\u4ec5\u4e00\u8857\u4e4b\u9694\u3002\u5fb7\u56fd\u524d\u603b\u7406\u8d6b\u5c14\u7a46\u7279\u2022\u65bd\u5bc6\u7279\uff08Helmut Schmidt\uff09\u3001\u4e16\u754c\u8457\u540d\u6307\u6325\u5bb6\u3001\u4f5c\u66f2\u5bb6\u5965\u6258\u2022\u514b\u4f26\u4f69\u52d2\uff08Otto Klemperer\uff09\u548c\u4e16\u754c\u8457\u540d\u4f5c\u66f2\u5bb6\u6c49\u65af\u2022\u827e\u65af\u52d2\uff08HannsEisler\uff09\u7b49\u5747\u4efb\u6559\u6216\u5c31\u8bfb\u4e8e\u6b64\u6821\u3002\u57fa\u91d1\u4f1a\u540d\u8a89\u4e3b\u5e2d\u3001\u5fb7\u610f\u5fd7\u8054\u90a6\u5171\u548c\u56fd\u52cb\u7ae0\u83b7\u5f97\u8005 Prof.EvelindeTrenkner-Boie \u662f\u67cf\u6797\u827a\u672f\u5b66\u9662\u97f3\u4e50\u7cfb\u7684\u521b\u529e\u4eba\u4e4b\u4e00\u5e76\u62c5\u4efb\u5b66\u9662\u540d\u8a89\u9662\u957f\u3002<\/p><ul><li><strong>\u9662\u6821\u540d\u5355\uff1a<\/strong><\/li><\/ul><table width=\"373\"><tbody><tr><td width=\"93\"><p><strong>\u5b66\u6821\u540d\u79f0<\/strong><\/p><\/td><td width=\"93\"><p><strong>\u6027\u8d28<\/strong><\/p><\/td><td width=\"93\"><p><strong>\u4e16\u754c\u97f3\u4e50\u5b66\u9662\u6392\u540d\u60c5\u51b5<\/strong><\/p><\/td><td width=\"93\"><p><strong>\u5fb7\u56fd\u6392\u540d\u60c5\u51b5<\/strong><\/p><\/td><\/tr><tr><td width=\"93\"><p><strong>\u67cf\u6797\u97f3\u4e50\u5b66\u9662<\/strong><\/p><\/td><td width=\"93\"><p><strong>\u516c\u7acb<\/strong><\/p><\/td><td width=\"93\"><p><strong>\u524d10\u4f4d<\/strong><\/p><\/td><td width=\"93\"><p><strong>2<\/strong><strong>\u4f4d<\/strong><\/p><\/td><\/tr><tr><td width=\"93\"><p><strong>\u5fb7\u56fd\u67cf\u6797\u827a\u672f\u5927\u5b66<\/strong><\/p><\/td><td width=\"93\"><p><strong>\u516c\u7acb<\/strong><\/p><\/td><td width=\"93\"><p><strong>\u524d10\u4f4d<\/strong><\/p><\/td><td width=\"93\"><p><strong>15<\/strong><strong>\u4f4d<\/strong><\/p><\/td><\/tr><tr><td width=\"93\"><p><strong>\u67cf\u6797\u827a\u672f\u5b66\u9662<\/strong><\/p><\/td><td width=\"93\"><p><strong>\u79c1\u7acb<\/strong><\/p><\/td><td width=\"93\"><p><strong>\u524d20\u4f4d<\/strong><\/p><\/td><td width=\"93\"><p><strong>12<\/strong><strong>\u4f4d<\/strong><\/p><\/td><\/tr><\/tbody><\/table><ul><li><strong>\u9662\u6821\u4e13\u4e1a\u60c5\u51b5\uff1a<\/strong><\/li><\/ul><table width=\"568\"><tbody><tr><td width=\"284\"><p><strong>\u5b66\u6821<\/strong><\/p><\/td><td width=\"284\"><p><strong>\u4e13\u4e1a<\/strong><\/p><\/td><\/tr><tr><td width=\"284\"><p><strong>\u00a0<\/strong><\/p><p><strong>\u67cf\u6797\u97f3\u4e50\u5b66\u9662<\/strong><\/p><\/td><td width=\"284\"><p>\u97f3\u4e50\u4e13\u4e1a\uff1a\u58f0\u4e50\u6b4c\u5267\u3001\u58f0\u4e50\u6e05\u5531\u5267\u53ca\u827a\u672f\u6b4c\u66f2\u3001\u7ba1\u5f26\u3001\u94a2\u7434\u3001\u4f5c\u66f2\u3001\u4ea4\u54cd\u4e50\u6307\u6325\u3001\u5408\u5531\u6307\u6325\u3001\u6253\u51fb\u4e50\u3001\u952e\u76d8\u4e50\u5668\u3001\u97f3\u4e50\u6559\u80b2\u3001\u97f3\u4e50\u7406\u8bba\u3001\u97f3\u4e50\u7ba1\u7406\u3001\u97f3\u4e50\u5b66\u3001\u97f3\u4e50\u5236\u4f5c\u3001\u97f3\u9891\u8bbe\u8ba1\u3001\u6d41\u884c\u97f3\u4e50\uff08\u58f0\u4e50\u53ca\u5668\u4e50\u4e13\u4e1a\uff09<\/p><\/td><\/tr><tr><td rowspan=\"5\" width=\"284\"><p><strong>\u5fb7\u56fd\u67cf\u6797\u827a\u672f\u5927\u5b66<\/strong><\/p><\/td><td width=\"284\"><p>\u7f8e\u672f\u4e13\u4e1a\uff1a\u7ed8\u753b\u827a\u672f\u3001\u96d5\u5851\u53ca\u6444\u5f71\u827a\u672f<\/p><\/td><\/tr><tr><td width=\"284\"><p>\u97f3\u4e50\u4e13\u4e1a\uff1a\u58f0\u4e50\u6b4c\u5267\u3001\u58f0\u4e50\u6e05\u5531\u5267\u53ca\u827a\u672f\u6b4c\u66f2\u3001\u7ba1\u5f26\u3001\u94a2\u7434\u3001\u4f5c\u66f2\u3001\u4ea4\u54cd\u4e50\u6307\u6325\u3001\u5408\u5531\u6307\u6325\u3001\u6253\u51fb\u4e50\u3001\u952e\u76d8\u4e50\u5668\u3001\u97f3\u4e50\u6559\u80b2\u3001\u97f3\u4e50\u7406\u8bba\u3001\u97f3\u4e50\u7ba1\u7406\u3001\u97f3\u4e50\u5b66\u3001\u97f3\u4e50\u5236\u4f5c\u3001\u97f3\u9891\u8bbe\u8ba1\u3001\u6d41\u884c\u97f3\u4e50\uff08\u58f0\u4e50\u53ca\u5668\u4e50\u4e13\u4e1a\uff09<\/p><\/td><\/tr><tr><td width=\"284\"><p>\u8bbe\u8ba1\u4e13\u4e1a\uff1a\u89c6\u89c9\u4f20\u8fbe\u3001\u670d\u88c5\u8bbe\u8ba1\u3001\u5de5\u4e1a\u8bbe\u8ba1\u3001\u6e38\u620f\u8bbe\u8ba1\u3001\u5a92\u4f53\u7ba1\u7406\u3001\u670d\u88c5\u7ba1\u7406<\/p><\/td><\/tr><tr><td width=\"284\"><p>\u6444\u5f71\u4e13\u4e1a\uff1a\u5f71\u89c6\u6444\u5f71\u4e0e\u5236\u4f5c\uff08\u7167\u660e\u827a\u672f\uff09\u3001\u5f71\u89c6\u6444\u5f71\u4e0e\u5236\u4f5c\uff08\u7535\u89c6\u6444\u5f71\uff09\u3001<\/p><p>\u52a8\u753b\u7535\u5f71\u5236\u4f5c<\/p><\/td><\/tr><tr><td width=\"284\"><p>\u620f\u5267\u5f71\u89c6\u4e13\u4e1a\uff1a\u620f\u5267\u5f71\u89c6\u8868\u6f14\u3001\u5e7f\u64ad\u7535\u89c6\u7f16\u5bfc<\/p><\/td><\/tr><tr><td rowspan=\"5\" width=\"284\"><p><strong>\u00a0<\/strong><\/p><p><strong>\u00a0<\/strong><\/p><p><strong>\u00a0<\/strong><\/p><p><strong>\u00a0<\/strong><\/p><p><strong>\u00a0<\/strong><\/p><p><strong>\u00a0<\/strong><\/p><p><strong>\u67cf\u6797\u827a\u672f\u5b66\u9662<\/strong><\/p><\/td><td width=\"284\"><p>\u7f8e\u672f\u4e13\u4e1a\uff1a\u7ed8\u753b\u827a\u672f\u3001\u96d5\u5851\u53ca\u6444\u5f71\u827a\u672f<\/p><\/td><\/tr><tr><td width=\"284\"><p>\u97f3\u4e50\u4e13\u4e1a\uff1a\u58f0\u4e50\u6b4c\u5267\u3001\u58f0\u4e50\u6e05\u5531\u5267\u53ca\u827a\u672f\u6b4c\u66f2\u3001\u7ba1\u5f26\u3001\u94a2\u7434\u3001\u4f5c\u66f2\u3001\u4ea4\u54cd\u4e50\u6307\u6325\u3001\u5408\u5531\u6307\u6325\u3001\u6253\u51fb\u4e50\u3001\u952e\u76d8\u4e50\u5668\u3001\u97f3\u4e50\u6559\u80b2\u3001\u97f3\u4e50\u7406\u8bba\u3001\u97f3\u4e50\u7ba1\u7406\u3001\u97f3\u4e50\u5b66\u3001\u97f3\u4e50\u5236\u4f5c\u3001\u97f3\u9891\u8bbe\u8ba1\u3001\u6d41\u884c\u97f3\u4e50\uff08\u58f0\u4e50\u53ca\u5668\u4e50\u4e13\u4e1a\uff09<\/p><\/td><\/tr><tr><td width=\"284\"><p>\u8bbe\u8ba1\u4e13\u4e1a\uff1a\u89c6\u89c9\u4f20\u8fbe\u3001\u670d\u88c5\u8bbe\u8ba1\u3001\u5de5\u4e1a\u8bbe\u8ba1\u3001\u6e38\u620f\u8bbe\u8ba1\u3001\u5a92\u4f53\u7ba1\u7406\u3001\u670d\u88c5\u7ba1\u7406<\/p><\/td><\/tr><tr><td width=\"284\"><p>\u6444\u5f71\u4e13\u4e1a\uff1a\u5f71\u89c6\u6444\u5f71\u4e0e\u5236\u4f5c\uff08\u7167\u660e\u827a\u672f\uff09\u3001\u5f71\u89c6\u6444\u5f71\u4e0e\u5236\u4f5c\uff08\u7535\u89c6\u6444\u5f71\uff09\u3001<\/p><p>\u52a8\u753b\u7535\u5f71\u5236\u4f5c<\/p><\/td><\/tr><tr><td width=\"284\"><p>\u620f\u5267\u5f71\u89c6\u4e13\u4e1a\uff1a\u620f\u5267\u5f71\u89c6\u8868\u6f14\u3001\u5e7f\u64ad\u7535\u89c6\u7f16\u5bfc<\/p><\/td><\/tr><\/tbody><\/table><ul><li><strong>\u62db\u751f\u8981\u6c42\uff1a<\/strong><\/li><li>\u5e74\u6ee1 17 \u5468\u5c81<\/li><li>\u6709\u97f3\u4e50\u3001\u827a\u672f\u7279\u957f\u7684\u666e\u901a\u9ad8\u4e2d\u751f\u6216\u6bd5\u4e1a\u751f\uff1b\u97f3\u4e50\u5b66\u9662\u9644\u4e2d\u3001\u827a\u672f\u5b66\u6821\u7684\u5728\u8bfb\u751f\u6216\u6bd5\u4e1a\u751f\uff1b\u666e\u901a\u9ad8\u4e2d\u751f\u9700\u63d0\u4f9b\u97f3\u4e50\u3001\u827a\u672f\u7c7b\u83b7\u5956\u8bc1\u4e66\u6216\u7b49\u7ea7\u8bc1\u660e<\/li><li><strong>\u9879\u76ee\u4f18\u52bf\uff1a<\/strong><\/li><li>\u65e0\u9700\u9ad8\u8003\u6210\u7ee9\uff1b<\/li><li>\u5fb7\u56fd\u8457\u540d\u97f3\u4e50\u5b66\u9662\u3001\u827a\u672f\u5b66\u9662\u827a\u672f\u751f\u76f4\u62db\u3002<\/li><\/ul><p>\u00a0<\/p>\t\t\t\t\t\t\t\t<\/div>\n\t\t\t\t<\/div>\n\t\t\t\t\t<\/div>\n\t\t\t\t<\/div>\n\t\t\t\t<\/div>\n\t\t","protected":false},"excerpt":{"rendered":"<p>\u5fb7\u56fd\u9ad8\u7b49\u827a\u672f\u5b66\u9662\u514d\u9ad8\u8003\u6210\u7ee9\u672c\u79d1\u76f4\u901a\u7559\u5b66\u9879\u76ee \u9662\u6821\u4ecb\u7ecd\uff1a \u67cf\u6797\u97f3\u4e50\u5b66\u9662 \u67cf\u6797\u97f3\u4e50\u5b66\u9662\u5168\u79f0\u662f\u67cf\u6797\u6c49\u65af\u00b7\u827e\u65af\u52d2\u97f3\u4e50\u5b66\u9662\uff08Hochschulef\u00fcrMusik &#8220;HannsEisler&#8221; Berlin\uff09\uff0c\u7b80\u79f0\u4e3a HfM Berlin\u3002\u67cf\u6797\u97f3\u4e50\u5b66\u9662\u6210\u7acb\u4e8e 1950 \u5e74\uff0c\u6210\u7acb\u65f6\u53eb\u5fb7\u56fd\u97f3\u4e50\u5b66\u9662\uff0c1953 \u5e74\uff0c\u8be5\u6821\u6210\u4e3a\u4e86\u6b27\u6d32\u7b2c\u4e00\u4e2a\u9664\u5668\u4e50\u58f0\u4e50\u5916\u63d0\u4f9b\u6b4c\u5267\u548c\u97f3\u4e50\u5267\u57f9\u8bad\u5bfc\u6f14\u7684\u97f3\u4e50\u5b66\u9662\u30021964 \u5e74 \u6539\u73b0\u540d\uff0c\u4ee5\u7eaa\u5ff5\u8457\u540d\u4f5c\u66f2\u5bb6 Hanns Eisler\u3002\u8457\u540d\u4f5c\u66f2\u5bb6\u52cb\u4f2f\u683c\u4e5f\u662f\u67cf\u6797\u97f3\u4e50\u5b66\u9662\u7684\u4e00\u5458\u3002 \u67cf\u6797\u97f3\u4e50\u5b66\u9662\u4f4d\u4e8e\u5386\u53f2\u540d\u57ce\u67cf\u6797\u7684\u4e2d\u90e8\uff0c\u5728 Gendarmen \u5e7f\u573a\u7684\u5267\u9662\u548c\u4e2d\u5fc3\u5efa\u7b51\u7684\u5468\u56f4\uff0c\u6709 \u7740\u4f18\u8d8a\u7684\u4eba\u6587\u73af\u5883\u548c\u5730\u7406\u4f4d\u7f6e\uff0c\u5e76\u6df1\u53d7\u4f17\u591a\u827a\u672f\u5bb6\u548c\u97f3\u4e50\u5bb6\u4f18\u826f\u4f20\u7edf\u7684\u79ef\u6781\u5f71\u54cd\u3002\u4e3a\u97f3\u4e50\u5b66 \u9662\u7684\u5b66\u5b50\u4eec\u63d0\u4f9b\u4e86\u5e7f\u6cdb\u800c\u6709\u5438\u5f15\u529b\u7684\u5b66\u4e60\u673a\u4f1a\u548c\u73af\u5883\u3002\u8be5\u5b66\u9662\u6210\u7acb\u4e8e 1950 \u5e74\uff0c\u9664\u4e86\u7ecf\u5178\u7684 Akademief\u00fcrK\u00fcnste ASK Berlin GmbH |PotsdamerStra\u00dfe. 199, 10783 Berlin\u4e50\u5668\u5b66\u4e13\u4e1a\u5916\uff0c\u5b66\u9662\u8fd8\u5f00\u8bbe\u4e86\u58f0\u4e50\u3001\u97f3\u4e50\u5267\u3001\u7b49\u8bfe\u7a0b\u3002\u5b66\u9662\u6709\u8bb8\u591a\u5728\u56fd\u9645\u4e0a\u4eab\u6709\u76db\u540d\u7684\u827a\u672f\u5bb6\u548c\u6559\u80b2\u5bb6\uff0c\u4fdd\u8bc1\u4e86\u5b66\u9662\u9ad8\u8d28\u91cf\u7684\u6559\u80b2\u6c34\u5e73\u3002 \u5fb7\u56fd\u67cf\u6797\u827a\u672f\u5927\u5b66 \u67cf\u6797\u827a\u672f\u5927\u5b66\uff08\u5fb7\u6587\uff1aUniversit\u00e4t der K\u00fcnste Berlin\uff09\u5177\u6709\u8d85\u8fc7 300 \u5e74\u5386\u53f2\u7684\u67cf\u6797\u827a\u672f \u5927\u5b66\u4e0d\u4ec5\u662f\u5fb7\u56fd\u6700\u8457\u540d\u3001\u89c4\u6a21\u6700\u5927\u7684\u9ad8\u7b49\u827a\u672f\u5b66\u5e9c\uff0c\u4e5f\u662f\u6b27\u6d32\u540d\u5217\u524d\u8305\u3001\u5b66\u79d1\u95e8\u7c7b\u6700\u4e3a\u9f50\u5168\u7684\u827a\u672f\u9662\u6821\u4e4b\u4e00\uff0c\u5728\u6b27\u6d32\u827a\u672f\u754c\u5360\u6709\u5341\u5206\u91cd\u8981\u7684\u5730\u4f4d\u3002\u67cf\u6797\u827a\u672f\u5927\u5b66\u62e5\u6709\u4e00\u652f\u9ad8\u5c42\u6b21\u7684\u6559\u5e08\u56e2\u961f\uff0c\u4e00\u5927\u6279\u6d3b\u8dc3\u5728\u5f53\u4eca\u4e16\u754c\u827a\u672f\u821e\u53f0\u4e0a\u7684\u8457\u540d\u827a\u672f\u5bb6\u5728\u8be5\u6821\u6267\u6559\u3002\u67cf\u6797\u827a\u672f\u5927\u5b66\u7684\u6559\u5b66\u7279\u8272\u4f53\u73b0\u5728\u201c\u8de8\u4e13\u4e1a\u601d\u8003\u201d\u548c\u201c\u8de8\u5b66\u79d1\u5de5\u4f5c\u201d \u4e0a\uff0c\u5373\u8ba9\u4e0d\u540c\u4e13\u4e1a\u7684\u5b66\u751f\u548c\u6559\u5e08\u4e4b\u95f4\u8fdb\u884c\u8de8\u4e13\u4e1a\u3001\u8de8\u5b66\u79d1\u7d27\u5bc6\u7684\u5408\u4f5c\u3002\u8fd9\u79cd\u6253\u7834\u4f20\u7edf\u6784\u67b6\u7684\u73b0\u4ee3\u6559\u5b66\u6a21\u5f0f\u65e2\u80fd\u591f\u62d3\u5bbd\u5b66\u751f\u539f\u672c\u76f8\u5bf9\u5c40\u9650\u7684\u827a\u672f\u6587\u5316\u89c6\u91ce\uff0c\u53c8\u80fd\u591f\u5f00\u542f\u5b66\u751f\u5168\u65b0\u7684\u827a\u672f\u521b\u9020\u601d\u7ef4\u3002 \u67cf\u6797\u827a\u672f\u5b66\u9662 \u5b66\u9662\u5750\u843d\u4e8e\u5fb7\u56fd\u9996\u90fd\u67cf\u6797\u5e02\u4e2d\u5fc3&#8211;\u820d\u6069\u8d1d\u683c\uff08Sch\u00f6neberg\uff09\uff0c\u8be5\u533a\u7684\u5f53\u4ee3\u827a\u672f\u753b\u5eca\u98ce\u683c\u65f6\u5c1a\uff0c\u548c\u6614\u65e5\u534e\u4e3d\u7684\u653f\u5e9c\u5efa\u7b51\u5f62\u6210\u9c9c\u660e\u7684\u5bf9\u6bd4\u3002\u67cf\u6797\u827a\u672f\u5b66\u9662\uff08ASK\uff09\u4e0e\u6c99\u5c14\u6587\u5361\u57fa\u91d1\u4f1a\uff08Scharwenka Stiftung\uff09\u3001\u6c99\u5c14\u6587\u5361\u534f\u4f1a\uff08Scharwenka Gesellschaft\uff09\u8fbe\u6210\u6218\u7565\u53d1\u5c55\u5408\u4f5c\uff0c\u5171\u540c\u53d1\u6398\u63a8\u5e7f\u5fb7\u56fd\u767e\u5e74\u97f3\u4e50\u827a\u672f\u7cbe\u534e\uff0c\u4f20\u64ad\u6c99\u5c14\u6587\u5361\u97f3\u4e50\u6559\u80b2\u7406\u5ff5\u3002\u57fa\u91d1\u4f1a\u524d\u8eab\u662f 1881 \u5e74\uff0d1936 \u5e74\u5728\u67cf\u6797\u6210\u7acb\u7684\u6c99\u5c14\u6587\u5361\u97f3\u4e50\u5b66\u9662\uff08Scharwenka Konservatorium\uff09\uff0c\u6614\u65e5\u7684\u767e\u5e74\u8001\u6821\u6821\u5740\u4e0e\u67cf\u6797\u827a\u672f\u5b66\u9662\uff08ASK\uff09\u6821\u5740\u3001\u8457\u540d\u7684\u67cf\u6797\u7231\u4e50\u5927\u5385\u4ec5\u4e00\u8857\u4e4b\u9694\u3002\u5fb7\u56fd\u524d\u603b\u7406\u8d6b\u5c14\u7a46\u7279\u2022\u65bd\u5bc6\u7279\uff08Helmut Schmidt\uff09\u3001\u4e16\u754c\u8457\u540d\u6307\u6325\u5bb6\u3001\u4f5c\u66f2\u5bb6\u5965\u6258\u2022\u514b\u4f26\u4f69\u52d2\uff08Otto Klemperer\uff09\u548c\u4e16\u754c\u8457\u540d\u4f5c\u66f2\u5bb6\u6c49\u65af\u2022\u827e\u65af\u52d2\uff08HannsEisler\uff09\u7b49\u5747\u4efb\u6559\u6216\u5c31\u8bfb\u4e8e\u6b64\u6821\u3002\u57fa\u91d1\u4f1a\u540d\u8a89\u4e3b\u5e2d\u3001\u5fb7\u610f\u5fd7\u8054\u90a6\u5171\u548c\u56fd\u52cb\u7ae0\u83b7\u5f97\u8005 Prof.EvelindeTrenkner-Boie \u662f\u67cf\u6797\u827a\u672f\u5b66\u9662\u97f3\u4e50\u7cfb\u7684\u521b\u529e\u4eba\u4e4b\u4e00\u5e76\u62c5\u4efb\u5b66\u9662\u540d\u8a89\u9662\u957f\u3002 \u9662\u6821\u540d\u5355\uff1a \u5b66\u6821\u540d\u79f0 \u6027\u8d28 \u4e16\u754c\u97f3\u4e50\u5b66\u9662\u6392\u540d\u60c5\u51b5 [&hellip;]<\/p>\n","protected":false},"author":1,"featured_media":0,"parent":201,"menu_order":0,"comment_status":"closed","ping_status":"closed","template":"elementor_theme","meta":{"_eb_attr":"","footnotes":""},"class_list":["post-25900","page","type-page","status-publish","hentry"],"_links":{"self":[{"href":"https:\/\/www.fr-education.com\/index.php\/wp-json\/wp\/v2\/pages\/25900","targetHints":{"allow":["GET"]}}],"collection":[{"href":"https:\/\/www.fr-education.com\/index.php\/wp-json\/wp\/v2\/pages"}],"about":[{"href":"https:\/\/www.fr-education.com\/index.php\/wp-json\/wp\/v2\/types\/page"}],"author":[{"embeddable":true,"href":"https:\/\/www.fr-education.com\/index.php\/wp-json\/wp\/v2\/users\/1"}],"replies":[{"embeddable":true,"href":"https:\/\/www.fr-education.com\/index.php\/wp-json\/wp\/v2\/comments?post=25900"}],"version-history":[{"count":5,"href":"https:\/\/www.fr-education.com\/index.php\/wp-json\/wp\/v2\/pages\/25900\/revisions"}],"predecessor-version":[{"id":25906,"href":"https:\/\/www.fr-education.com\/index.php\/wp-json\/wp\/v2\/pages\/25900\/revisions\/25906"}],"up":[{"embeddable":true,"href":"https:\/\/www.fr-education.com\/index.php\/wp-json\/wp\/v2\/pages\/201"}],"wp:attachment":[{"href":"https:\/\/www.fr-education.com\/index.php\/wp-json\/wp\/v2\/media?parent=25900"}],"curies":[{"name":"wp","href":"https:\/\/api.w.org\/{rel}","templated":true}]}}