{"id":25910,"date":"2023-12-21T10:33:38","date_gmt":"2023-12-21T02:33:38","guid":{"rendered":"http:\/\/www.fr-education.com\/?page_id=25910"},"modified":"2024-01-24T15:49:57","modified_gmt":"2024-01-24T07:49:57","slug":"elementor-25910","status":"publish","type":"page","link":"https:\/\/www.fr-education.com\/index.php\/all-courses\/elementor-25910\/","title":{"rendered":"\u6cd5\u56fd\u9ad8\u7b49\u5de5\u7a0b\u5e08\u5b66\u9662\u514d\u9ad8\u8003\u6210\u7ee9\u672c\u7855\u76f4\u901a\u7559\u5b66\u9879\u76ee"},"content":{"rendered":"\t\t<div data-elementor-type=\"wp-page\" data-elementor-id=\"25910\" class=\"elementor elementor-25910\">\n\t\t\t\t<div class=\"elementor-element elementor-element-aeb54d6 e-flex e-con-boxed e-con e-parent\" data-id=\"aeb54d6\" data-element_type=\"container\" data-e-type=\"container\">\n\t\t\t\t\t<div class=\"e-con-inner\">\n\t\t\t\t<div class=\"elementor-element elementor-element-5998af3 elementor-widget elementor-widget-heading\" data-id=\"5998af3\" data-element_type=\"widget\" data-e-type=\"widget\" data-widget_type=\"heading.default\">\n\t\t\t\t<div class=\"elementor-widget-container\">\n\t\t\t\t\t<h2 class=\"elementor-heading-title elementor-size-default\">\u6cd5\u56fd\u9ad8\u7b49\u5de5\u7a0b\u5e08\u5b66\u9662\u514d\u9ad8\u8003\u6210\u7ee9\u672c\u7855\u76f4\u901a\u7559\u5b66\u9879\u76ee<\/h2>\t\t\t\t<\/div>\n\t\t\t\t<\/div>\n\t\t\t\t<div class=\"elementor-element elementor-element-11b33fc elementor-widget elementor-widget-text-editor\" data-id=\"11b33fc\" data-element_type=\"widget\" data-e-type=\"widget\" data-widget_type=\"text-editor.default\">\n\t\t\t\t<div class=\"elementor-widget-container\">\n\t\t\t\t\t\t\t\t\t<ul><li><strong>\u9662\u6821\u4ecb\u7ecd\uff1a<\/strong><\/li><\/ul><p><strong><u>IMT Lille Douai | <\/u><\/strong><strong><u>\u91cc\u5c14\u675c\u57c3\u77ff\u6821\u7535\u4fe1\u5de5\u7a0b\u5e08\u5b66\u9662<\/u><\/strong><\/p><p>IMT\u91cc\u5c14\u675c\u57c3\u96b6\u5c5e\u4e8e\u6cd5\u56fd\u6700\u9876\u5c16\u7684IMT\u77ff\u6821-\u7535\u4fe1\u5de5\u7a0b\u5e08\u5b66\u9662\u96c6\u56e2\u3002\u6574\u4e2a\u96c6\u56e2\u5305\u62ec13\u4e2a\u516c\u7acb\u9ad8\u7b49\u7cbe\u82f1\u5b66\u6821\u3002IMT\u91cc\u5c14\u675c\u57c3\u662fIMT\u96c6\u56e2\u5185\u552f\u4e00\u4e00\u4e2a\u63d0\u4f9b\u672c\u79d1\u9636\u6bb5\u5de5\u7a0b\u5e08\u6559\u80b2\u7684\u5b66\u6821\u3002\u6574\u4e2a\u96c6\u56e2\u5171\u670913660\u591a\u540d\u5b66\u751f\u3002\u96c6\u56e2\u6bcf\u5e74\u4e16\u754cA\u7ea7\u520a\u7269\u53d1\u8868\u6587\u7ae02000\u591a\u7bc7\uff0c\u67099000\u591a\u4e2a\u5408\u4f5c\u4f01\u4e1a\u3002IMT\u91cc\u5c14\u675c\u57c3\u73b0\u5728\u662f\u5df4\u9ece\u4ee5\u5317\u6700\u5927\u7684\u5de5\u7a0b\u5e08\u5b66\u9662\u3002\u5b66\u6821\u548c\u5f88\u591a\u4e16\u754c\u77e5\u540d\u7684\u5927\u5b66\u5408\u4f5c\uff0c\u5f00\u8bbe\u53cc\u6587\u51ed\u6216\u662f\u4ea4\u6362\u9879\u76ee\uff0c\u5305\u62ec\u7f8e\u56fd\u7684\u4e54\u6cbb\u4e9a\u7406\u5de5\uff0c\u82f1\u56fd\u7684\u7687\u5bb6\u7406\u5de5\uff0c\u5fb7\u56fd\u7684\u4e9a\u741b\u5de5\u4e1a\u5927\u5b66\uff0c\u745e\u58eb\u7684\u82cf\u9ece\u4e16\u8054\u90a6\u7406\u5de5\u5b66\u9662\uff0c\u4e2d\u56fd\u7684\u6e05\u534e\u5927\u5b66\u7b49\u3002<\/p><p><strong><u>Polytech Orl\u00e9ans | <\/u><\/strong><strong><u>\u5965\u5c14\u826f\u7efc\u5408\u7406\u5de5\u5de5\u7a0b\u5e08\u5b66\u9662<\/u><\/strong><\/p><p>\u5965\u5c14\u826f\u7efc\u5408\u7406\u5de5\u5b66\u9662\u662f\u6cd5\u56fd\u5965\u5c14\u826f\u516c\u7acb\u5927\u5b66\u7684\u76f4\u5c5e\u5de5\u7a0b\u5e08\u5b66\u9662\uff0c\u662f\u6cd5\u56fd\u5927\u5b66\u6821\u8054\u76df\u6210\u5458\uff0c5\u5e74\u672c\u7855\u8fde\u8bfb\u9879\u76ee\u5728225\u6240\u6cd5\u56fd\u5de5\u7a0b\u5e08\u5b66\u9662\u4e2d\u540d\u5217\u524d\u8305\u3002\u5b66\u9662\u5f00\u8bbe5\u5e74\u5236\u6cd5\u8bed\u6388\u8bfe\u672c\u7855\u8fde\u8bfb\u9879\u76ee\u3002\u901a\u8fc7\u4e94\u5e74\u7684\u5b66\u4e60\u5b66\u751f\u5c06\u4f1a\u83b7\u5f97\u6cd5\u56fd\u5de5\u7a0b\u5e08\u6587\u51ed\uff08CTI\uff09\u3002<\/p><p><strong><u>\u6cd5\u56fdECAM \u5de5\u7a0b\u5e08\u5b66\u9662\u7b80\u4ecb<\/u><\/strong><\/p><p>ECAM\u5de5\u7a0b\u5e08\u5b66\u9662\u4e8e1948\u5e74\u83b7\u5f97\u4e86\u6cd5\u56fd\u5de5\u7a0b\u5e08\u5b66\u4f4d\u59d4\u5458\u4f1a\u7684\u8ba4\u8bc1\uff0c\u4e8e1962\u5e74\u83b7\u5f97\u6cd5\u56fd\u56fd\u5bb6\u8ba4\u8bc1\u3002\u5b66\u9662\u4e3a\u6cd5\u56fd\u53ca\u6b27\u6d32\u4f01\u4e1a\u57f9\u517b\u4e86\u5927\u7ea65600\u540d\u5de5\u7a0b\u5e08\uff0c\u4e00\u767e\u591a\u5e74\u7684\u9ad8\u54c1\u8d28\u6559\u5b66\u548c\u4e25\u8c28\u7684\u5b66\u98ce\u8ba9\u6bd5\u4e1a\u4e8eECAM \u7684\u5de5\u7a0b\u5e08\u4eec\u5907\u53d7\u6b27\u6d32\u5de5\u5546\u4f01\u4e1a\u7684\u9752\u7750\u3002\u8be5\u6821\u62e5\u6709\u7ea650\u591a\u6240\u56fd\u9645\u5408\u4f5c\u9662\u6821\u3002\u5728\u6cd5\u56fd\u5de5\u7a0b\u5e08\u5b66\u9662\u4e2d\u9996\u5c48\u4e00\u6307\u3002\u5728\u6cd5\u56fd\u5de5\u4e1a\u754c\uff0cECAM\u5de5\u7a0b\u5e08\u5b66\u9662\u5907\u53d7\u597d\u8bc4\uff0c\u90a3\u662f\u56e0\u4e3a\u4e0e\u4f01\u4e1a\u754c\u7d27\u5bc6\u76f8\u5173\u7684\u53d1\u5c55\u7b56\u7565\u548c\u6559\u5b66\u65b9\u9488\u3002\u81ea1977\u5e74\u5f00\u59cb\uff0c\u5b66\u9662\u521b\u5efa\u4e86\u804c\u4e1a\u5316\u7684\u7ee7\u7eed\u6559\u80b2\u57f9\u8bad\u9879\u76ee\u3002\u4ece1991\u5e74\u5f00\u59cb\uff0cECAM\u5b66\u9662\u83b7\u5f97\u8d44\u8d28\u8ba4\u8bc1\uff0c\u8bbe\u7acb\u4e86\u673a\u68b0\u5de5\u7a0b\u7c7bITII\u5b66\u4f4d\u9879\u76ee\u3002\u6cd5\u56fdECAM\u5de5\u7a0b\u5e08\u5b66\u9662\uff0c\u6839\u636e\u5176\u6559\u5b66\u548c\u7814\u7a76\u9886\u57df\uff0c\u53ef\u4ee5\u4e3b\u8981\u5206\u4e3a\u4e94\u4e2a\u90e8\u5206:\u673a\u68b0\u5de5\u7a0b\u5b66\u3001\u7535\u5b50\u53ca\u81ea\u52a8\u5316\u5b66\u3001\u6750\u6599\u5de5\u7a0b\u5b66\u3001\u4fe1\u606f\u5316\u7ba1\u7406\u548c\u751f\u4ea7\u7ba1\u7406\u7b49\u90e8\u95e8\u3002\u5b66\u9662\u5f00\u8bbe\u7684\u5b66\u79d1\u8986\u76d6\u4e86\u6b27\u6d32\u5927\u578b\u5de5\u4e1a\u96c6\u56e2\u548c\u4e2d\u5c0f\u578b\u4f01\u4e1a\u7684\u5404\u79cd\u5de5\u4e1a\u79d1\u6280\u9886\u57df\u3002<\/p><p><strong><u>\u6cd5\u56fd\u9c81\u6602\u9ad8\u7b49\u5de5\u7a0b\u5e08\u5b66\u9662(ESIGELEC Rouen)<\/u><\/strong><\/p><p>\u6cd5\u56fd\u9c81\u6602\u9ad8\u7b49\u5de5\u7a0b\u5e08\u5b66\u9662(Ecole sup\u00e9rieure d\u2019ing\u00e9nieurs en g\u00e9nie \u00e9lectrique)\uff0c\u662f\u6cd5\u56fd\u653f\u5e9c\uff0c\u6cd5\u56fd\u56fd\u5bb6\u5de5\u4e1a\u90e8\uff0c\u9c81\u6602\u5546\u534f\u4f1a\u5171\u540c\u652f\u6301\u7684\u9ad8\u7b49\u5de5\u7a0b\u5e08\u5927\u5b66\uff0c\u4e5f\u662f\u4e2d\u56fd\u6559\u80b2\u90e8\u8ba4\u53ef\u7684\u6cd5\u56fd\u5de5\u7a0b\u5e08\u5b66\u9662\u4e4b\u4e00\u3002\u63d0\u4f9b\u5de5\u7a0b\u5e08\u6587\u51ed\uff0c\u7855\u58eb\u6587\u51ed\uff0c\u53ca\u535a\u58eb\u8bfe\u7a0b\u3002\u4e3a\u4e94\u5e74\u4e00\u8d2f\u5236\u901a\u8bc6\u6027\u7a0b\u5e08\u5b66\u9662\u3002\u81f4\u529b\u4e8e\u667a\u80fd\u7cfb\u7edf\u7684\u5f00\u53d1\u548c\u7814\u7a76\u3002\u5de5\u7a0b\u5e08\u8bfe\u7a0b\u5b66\u751f\u6bd5\u4e1a\u540e\u83b7\u5de5\u7a0b\u5e08\u6587\u51ed\u5373\u56fd\u5185\u8ba4\u8bc1\u4e3a\u7855\u58eb\u6587\u51ed\uff0c\u5b66\u6821\u7684\u4e13\u4e1a\u4ee5\u7535\u5b50\u3001\u8ba1\u7b97\u673a\u3001\u901a\u4fe1\u53ca\u81ea\u52a8\u5316\u4e3a\u4e3b\uff0c\u5171\u62e5\u670915\u4e2a\u4e3b\u4fee\u65b9\u5411\u3002 \u6bcf\u4e00\u5c4a\u7ea6\u6709400\u4e2a\u5b66\u751f\uff0c\u7ea647%\u7684\u5b66\u751f\u4e3a\u5b66\u5f92\u5236\u6216\u62e5\u6709\u804c\u4e1a\u5408\u540c\u3002\u81ea1901\u5e74\u8d77\uff0c\u5b66\u6821\u5171\u57f9\u517b\u4e8610\u00a0000\u6bd5\u4e1a\u751f\u3002\u9c81\u6602ESIGELEC \u662f\u4e0e\u6cd5\u56fd\u6700\u5927\u7684\u5de5\u7a0b\u5e08\u5b66\u6821\u96c6\u56e2- \u6cd5\u56fd\u9ad8\u7b49\u77ff\u4e1a \u7535\u4fe1\u96c6\u56e2\u5408\u4f5c\u7684\u4e00\u6240\u5b66\u6821\u3002\u00a0\u5b66\u6821\u7684IRSEEM\u7814\u7a76\u6240\u662f\u6b27\u76df\u53ca\u6cd5\u56fd\u56fd\u5bb6\u7ea7\u91cd\u70b9\u7814\u7a76\u6240\uff0c\u6e17\u900f\u5230\u7535\u5b50\u3001\u81ea\u52a8\u5316\u3001\u901a\u4fe1\u3001\u8ba1\u7b97\u673a\u76f8\u5173\u4e13\u4e1a\u4e2d\u30022012\u5e74\u53c8\u76f8\u7ee7\u67094\u4e2a\u76f8\u5173\u7684\u5b9e\u9a8c\u5ba4\u5f00\u653e\uff0c\u8d1f\u8d23\u53c2\u4e0e\u6cd5\u56fd\u7a7a\u5ba2\u53d1\u52a8\u673a\u7684\u7814\u53d1\u3002\u5e76\u5728\u9053\u8fbe\u5c14\u96c6\u56e2\u4e3e\u529e\u7684\u5168\u7403\u673a\u5668\u4eba\u6311\u6218\u8d5b\u4e2d\u83b7\u5f97\u4e16\u754c\u7b2c\u4e8c\uff0c\u5168\u6cd5\u7b2c\u4e00\u3002\u5e76\u4e8e\u96f7\u8bfa\u6c7d\u8f66\u516c\u53f8\u53caTRANSDEV\u5171\u540c\u5f00\u53d1\u4e86\u5168\u6b27\u6d32\u7b2c\u4e00\u8f86\u5c06\u5728\u5f00\u653e\u9053\u8def\u4e0a\u4f7f\u7528\u7684\u65e0\u4eba\u9a7e\u9a76\u6c7d\u8f66\uff0c\u5c06\u57282018\u5e74\u6625\u5929\u5728\u9c81\u6602\u6295\u5165\u4f7f\u7528\u3002\u5b66\u6821\u5b9e\u884c\u5c0f\u73ed\u5316\u3001\u7cbe\u7ec6\u5316\u6559\u5b66\uff0c\u4e0e650\u5bb6\u6d77\u5916\u516c\u53f8\uff0c\u53ca85\u6240\u6d77\u5916\u9662\u6821\u5efa\u7acb\u4e86\u5408\u4f5c\u5173\u7cfb\uff0c\u63d0\u4f9b\u5b66\u672f\u4ea4\u6d41\u3001\u7814\u53d1\u3001\u57f9\u8bad\uff0c\u4e3a\u5b66\u751f\u63d0\u4f9b\u5b9e\u4e60\u5c97\u4f4d\u7b49\u5408\u4f5c\u3002\u6bd5\u4e1a\u751f\u5e74\u5747\u6536\u5165\u9ad8\u8fbe 40550\u6b27\u5143\u3002\u4e3a\u5168\u6cd5\u6700\u53d7\u4f01\u4e1a\u6b22\u8fce\u7684\u5de5\u7a0b\u5e08\u5b66\u6821\u4e4b\u4e00\u3002<\/p><p>\u00a0<\/p><ul><li><strong>\u9662\u6821\u540d\u5355\uff1a<\/strong><\/li><\/ul><table width=\"426\"><tbody><tr><td width=\"71\"><p><strong>\u5b66\u6821\u540d\u79f0<\/strong><\/p><\/td><td width=\"71\"><p><strong>\u6027\u8d28<\/strong><\/p><\/td><td width=\"71\"><p><strong>\u4e16\u754c\u5de5\u7a0b\u5e08\u5b66\u9662\u6392\u540d\u60c5\u51b5<\/strong><\/p><\/td><td width=\"71\"><p><strong>\u6cd5\u56fd\u6392\u540d\u60c5\u51b5<\/strong><\/p><\/td><td width=\"71\"><p><strong>\u4e0e\u56fd\u5185\u9ad8\u6821\u7b49\u540c<\/strong><\/p><\/td><td width=\"70\"><p><strong>\u5f55\u53d6\u6761\u4ef6<\/strong><\/p><\/td><\/tr><tr><td width=\"71\"><p><strong><u>IMT Lille Douai | <\/u><\/strong><strong><u>\u91cc\u5c14\u675c\u57c3\u77ff\u6821\u7535\u4fe1\u5de5\u7a0b\u5e08\u5b66\u9662<\/u><\/strong><\/p><\/td><td width=\"71\"><p><strong>\u516c\u7acb<\/strong><\/p><\/td><td width=\"71\"><p><strong>15<\/strong><strong>\u4f4d<\/strong><\/p><\/td><td width=\"71\"><p><strong>5<\/strong><strong>\u4f4d<\/strong><\/p><\/td><td width=\"71\"><p><strong>\u6e05\u534e\u5927\u5b66\u3001\u5317\u4eac\u5927\u5b66<\/strong><\/p><\/td><td width=\"70\"><p><strong>\u9ad8\u8003\u4e00\u672c\u7ebf<\/strong><\/p><\/td><\/tr><tr><td width=\"71\"><p><strong><u>Polytech Orl\u00e9ans | <\/u><\/strong><strong><u>\u5965\u5c14\u826f\u7efc\u5408\u7406\u5de5\u5de5\u7a0b\u5e08\u5b66\u9662<\/u><\/strong><\/p><\/td><td width=\"71\"><p><strong>\u516c\u7acb<\/strong><\/p><\/td><td width=\"71\"><p><strong>65<\/strong><strong>\u4f4d<\/strong><\/p><\/td><td width=\"71\"><p><strong>15<\/strong><strong>\u4f4d<\/strong><\/p><\/td><td width=\"71\"><p><strong>\u4e0a\u6d77\u4ea4\u5927\u3001\u534e\u4e2d\u79d1\u6280\u5927\u5b66<\/strong><\/p><\/td><td width=\"70\"><p><strong>\u9ad8\u8003\u4e00\u672c\u7ebf<\/strong><\/p><\/td><\/tr><tr><td width=\"71\"><p><strong><u>\u6cd5\u56fdECAM \u5de5\u7a0b\u5e08\u5b66\u9662\u7b80\u4ecb<\/u><\/strong><\/p><\/td><td width=\"71\"><p><strong>\u79c1\u7acb<\/strong><\/p><\/td><td width=\"71\"><p><strong>40<\/strong><strong>\u4f4d<\/strong><\/p><\/td><td width=\"71\"><p><strong>12<\/strong><strong>\u4f4d<\/strong><\/p><\/td><td width=\"71\"><p><strong>\u54c8\u5c14\u6ee8\u5de5\u4e1a\u5927\u5b66<\/strong><\/p><\/td><td width=\"70\"><p><strong>\u9ad8\u8003\u4e00\u672c\u7ebf<\/strong><\/p><\/td><\/tr><tr><td width=\"71\"><p><strong><u>\u6cd5\u56fd\u9c81\u6602\u9ad8\u7b49\u5de5\u7a0b\u5e08\u5b66\u9662(ESIGELEC Rouen)<\/u><\/strong><\/p><\/td><td width=\"71\"><p><strong>\u79c1\u7acb<\/strong><\/p><\/td><td width=\"71\"><p><strong>36<\/strong><strong>\u4f4d<\/strong><\/p><\/td><td width=\"71\"><p><strong>6<\/strong><strong>\u4f4d<\/strong><\/p><\/td><td width=\"71\"><p><strong>\u534e\u4e2d\u79d1\u6280\u5927\u5b66\u3001\u7535\u5b50\u79d1\u6280\u5927\u5b66\u3001\u5317\u4eac\u822a\u7a7a\u822a\u5929\u5927\u5b66<\/strong><\/p><\/td><td width=\"70\"><p><strong>\u9ad8\u8003\u4e00\u672c\u7ebf<\/strong><\/p><\/td><\/tr><\/tbody><\/table><ul><li><strong>\u9662\u6821\u4e13\u4e1a\u60c5\u51b5\uff1a<\/strong><\/li><\/ul><table width=\"568\"><tbody><tr><td width=\"284\"><p><strong>\u5b66\u6821<\/strong><\/p><\/td><td width=\"284\"><p><strong>\u4e13\u4e1a<\/strong><\/p><\/td><\/tr><tr><td rowspan=\"7\" width=\"284\"><p><strong>\u00a0<\/strong><\/p><p><strong>\u00a0<\/strong><\/p><p><strong>IMT Lille Douai | <\/strong><strong>\u91cc\u5c14\u675c\u57c3\u77ff\u6821\u7535\u4fe1\u5de5\u7a0b\u5e08\u5b66\u9662<\/strong><\/p><\/td><td width=\"284\"><p>\u673a\u68b0\u5de5\u7a0b<\/p><\/td><\/tr><tr><td width=\"284\"><p>\u7535\u5b50\u4fe1\u606f\u79d1\u5b66<\/p><\/td><\/tr><tr><td width=\"284\"><p>\u7535\u6c14\u53ca\u81ea\u52a8\u5316<\/p><\/td><\/tr><tr><td width=\"284\"><p>\u6750\u6599\u79d1\u5b66<\/p><\/td><\/tr><tr><td width=\"284\"><p>\u80fd\u6e90\u53ca\u4ea4\u901a\u8fd0\u8f93<\/p><\/td><\/tr><tr><td width=\"284\"><p>\u7535\u5b50\u4fe1\u606f\u5de5\u7a0b<\/p><\/td><\/tr><tr><td width=\"284\"><p>\u901a\u4fe1\u5de5\u7a0b<\/p><\/td><\/tr><tr><td rowspan=\"7\" width=\"284\"><p><strong>Polytech Orl\u00e9ans | <\/strong><strong>\u5965\u5c14\u826f\u7efc\u5408\u7406\u5de5\u5de5\u7a0b\u5e08\u5b66\u9662<\/strong><\/p><\/td><td width=\"284\"><p>\u5730\u8d28\u73af\u5883\u548c\u571f\u6728\u5de5\u7a0b<\/p><\/td><\/tr><tr><td width=\"284\"><p>\u5236\u836f\u548c\u98df\u54c1\u5de5\u7a0b<\/p><\/td><\/tr><tr><td width=\"284\"><p>\u7535\u5b50\u548c\u5149\u5b66\u6280\u672f<\/p><\/td><\/tr><tr><td width=\"284\"><p>\u6750\u6599\u79d1\u5b66\u53ca\u6750\u6599\u521b\u65b0<\/p><\/td><\/tr><tr><td width=\"284\"><p>\u667a\u80fd\u578b\u516c\u5bd3<\/p><\/td><\/tr><tr><td width=\"284\"><p>\u751f\u4ea7\u7ba1\u7406\u80fd\u6e90<\/p><\/td><\/tr><tr><td width=\"284\"><p>\u822a\u7a7a\u822a\u5929\u53ca\u673a\u68b0\u5316\u5de5\u827a<\/p><\/td><\/tr><tr><td rowspan=\"2\" width=\"284\"><p><strong>\u6cd5\u56fdECAM \u5de5\u7a0b\u5e08\u5b66\u9662\u3001\u82f1\u56fd<\/strong><strong>\u53f2\u4e39\u798f\u90e1\u5927\u5b66\u3001\u610f\u5927\u5229\u90fd\u7075\u7406\u5de5\u5927\u5b66<\/strong><\/p><\/td><td width=\"284\"><p>\u673a\u5668\u4eba\u8bbe\u8ba1<\/p><\/td><\/tr><tr><td width=\"284\"><p>\u5de5\u4e1a\u8bbe\u8ba1<\/p><\/td><\/tr><tr><td rowspan=\"16\" width=\"284\"><p><strong>\u6cd5\u56fd\u9c81\u6602\u9ad8\u7b49\u5de5\u7a0b\u5e08\u5b66\u9662(ESIGELEC Rouen)<\/strong><\/p><\/td><td width=\"284\"><p>\u7f51\u7edc\u5de5\u7a0b\u4e0e\u5b89\u5168<\/p><\/td><\/tr><tr><td width=\"284\"><p>\u5546\u52a1\u5de5\u7a0b\u5e08\uff08\u4fe1\u606f\uff0c\u7f51\u7edc\uff09<\/p><\/td><\/tr><tr><td width=\"284\"><p>\u5927\u6570\u636e<\/p><\/td><\/tr><tr><td width=\"284\"><p>\u4fe1\u606f\u670d\u52a1\u5de5\u7a0b\u5e08<\/p><\/td><\/tr><tr><td width=\"284\"><p>\u91d1\u878d\u5de5\u7a0b\u5e08<\/p><\/td><\/tr><tr><td width=\"284\"><p>\u81ea\u52a8\u5316\u548c\u5de5\u4e1a\u673a\u5668\u4eba<\/p><\/td><\/tr><tr><td width=\"284\"><p>\u80fd\u6e90\u5de5\u7a0b\u4e0e\u53ef\u6301\u7eed\u53d1\u5c55<\/p><\/td><\/tr><tr><td width=\"284\"><p>\u7535\u529b\u5de5\u7a0b\u548c\u8fd0\u8f93<\/p><\/td><\/tr><tr><td width=\"284\"><p>\u5546\u52a1\u5de5\u7a0b\u5e08\uff08\u80fd\u6e90\u548c\u4fe1\u53f7\u65b9\u5411\uff09<\/p><\/td><\/tr><tr><td width=\"284\"><p>\u673a\u7535\u4e00\u4f53\u5316<\/p><\/td><\/tr><tr><td width=\"284\"><p>\u7535\u529b\u5de5\u7a0b<\/p><\/td><\/tr><tr><td width=\"284\"><p>\u5d4c\u5165\u5f0f\u5de5\u7a0b\uff08\u65e0\u4eba\u9a7e\u9a76\u8f66\u65b9\u5411\uff09<\/p><\/td><\/tr><tr><td width=\"284\"><p>\u5d4c\u5165\u5f0f\u5de5\u7a0b\uff08\u901a\u4fe1\u65b9\u5411\uff09<\/p><\/td><\/tr><tr><td width=\"284\"><p>\u533b\u7597\u5668\u68b0\u5de5\u7a0b\u5e08<\/p><\/td><\/tr><tr><td width=\"284\"><p>\u7535\u5b50\u7cfb\u7edf\uff08\u6c7d\u8f66\u53ca\u822a\u7a7a\u822a\u5929\u65b9\u5411\uff09<\/p><\/td><\/tr><tr><td width=\"284\"><p>\u901a\u4fe1\u5de5\u7a0b\u5e08<\/p><\/td><\/tr><\/tbody><\/table><p><strong>\u00a0<\/strong><\/p><ul><li><strong>\u62db\u751f\u8981\u6c42\uff1a<\/strong><\/li><li>\u5f80\u5e94\u5c4a\u9ad8\u4e2d\u6bd5\u4e1a\u751f\uff1b<\/li><li>\u83b7\u5f97\u666e\u901a\u9ad8\u4e2d\u6bd5\u4e1a\u8bc1\uff1b<\/li><li>\u5e74\u6ee118\u5468\u5c81\uff1b<\/li><li>\u63d0\u4f9b\u9ad8\u4e2d\u4f1a\u8003\u6210\u7ee9\uff1b<\/li><li>\u9ad8\u8003\u5206\u6570\u8fbe\u5230\u4e00\u672c\u4ee5\u4e0a\u3002<\/li><li><strong>\u9879\u76ee\u4f18\u52bf\uff1a<\/strong><\/li><li>\u5b8c\u6210\u672c\u79d1\u5b66\u4e60\u540e\u53ef\u65e0\u969c\u788d\u76f4\u63a5\u8fdb\u5165\u7814\u7a76\u751f\u9636\u6bb5\u5b66\u4e60\uff1b<\/li><li>\u53cc\u5b66\u58eb\u5b66\u4f4d\u3001\u53cc\u7855\u58eb\u5b66\u4f4d\uff1b<\/li><li>\u4e00\u672c\u5206\u6570\u7ebf\u5373\u53ef\u5c31\u8bfb\u6cd5\u56fd\u540d\u6821\u3002<\/li><\/ul><p>\u00a0<\/p>\t\t\t\t\t\t\t\t<\/div>\n\t\t\t\t<\/div>\n\t\t\t\t\t<\/div>\n\t\t\t\t<\/div>\n\t\t\t\t<\/div>\n\t\t","protected":false},"excerpt":{"rendered":"<p>\u6cd5\u56fd\u9ad8\u7b49\u5de5\u7a0b\u5e08\u5b66\u9662\u514d\u9ad8\u8003\u6210\u7ee9\u672c\u7855\u76f4\u901a\u7559\u5b66\u9879\u76ee \u9662\u6821\u4ecb\u7ecd\uff1a IMT Lille Douai | \u91cc\u5c14\u675c\u57c3\u77ff\u6821\u7535\u4fe1\u5de5\u7a0b\u5e08\u5b66\u9662 IMT\u91cc\u5c14\u675c\u57c3\u96b6\u5c5e\u4e8e\u6cd5\u56fd\u6700\u9876\u5c16\u7684IMT\u77ff\u6821-\u7535\u4fe1\u5de5\u7a0b\u5e08\u5b66\u9662\u96c6\u56e2\u3002\u6574\u4e2a\u96c6\u56e2\u5305\u62ec13\u4e2a\u516c\u7acb\u9ad8\u7b49\u7cbe\u82f1\u5b66\u6821\u3002IMT\u91cc\u5c14\u675c\u57c3\u662fIMT\u96c6\u56e2\u5185\u552f\u4e00\u4e00\u4e2a\u63d0\u4f9b\u672c\u79d1\u9636\u6bb5\u5de5\u7a0b\u5e08\u6559\u80b2\u7684\u5b66\u6821\u3002\u6574\u4e2a\u96c6\u56e2\u5171\u670913660\u591a\u540d\u5b66\u751f\u3002\u96c6\u56e2\u6bcf\u5e74\u4e16\u754cA\u7ea7\u520a\u7269\u53d1\u8868\u6587\u7ae02000\u591a\u7bc7\uff0c\u67099000\u591a\u4e2a\u5408\u4f5c\u4f01\u4e1a\u3002IMT\u91cc\u5c14\u675c\u57c3\u73b0\u5728\u662f\u5df4\u9ece\u4ee5\u5317\u6700\u5927\u7684\u5de5\u7a0b\u5e08\u5b66\u9662\u3002\u5b66\u6821\u548c\u5f88\u591a\u4e16\u754c\u77e5\u540d\u7684\u5927\u5b66\u5408\u4f5c\uff0c\u5f00\u8bbe\u53cc\u6587\u51ed\u6216\u662f\u4ea4\u6362\u9879\u76ee\uff0c\u5305\u62ec\u7f8e\u56fd\u7684\u4e54\u6cbb\u4e9a\u7406\u5de5\uff0c\u82f1\u56fd\u7684\u7687\u5bb6\u7406\u5de5\uff0c\u5fb7\u56fd\u7684\u4e9a\u741b\u5de5\u4e1a\u5927\u5b66\uff0c\u745e\u58eb\u7684\u82cf\u9ece\u4e16\u8054\u90a6\u7406\u5de5\u5b66\u9662\uff0c\u4e2d\u56fd\u7684\u6e05\u534e\u5927\u5b66\u7b49\u3002 Polytech Orl\u00e9ans | \u5965\u5c14\u826f\u7efc\u5408\u7406\u5de5\u5de5\u7a0b\u5e08\u5b66\u9662 \u5965\u5c14\u826f\u7efc\u5408\u7406\u5de5\u5b66\u9662\u662f\u6cd5\u56fd\u5965\u5c14\u826f\u516c\u7acb\u5927\u5b66\u7684\u76f4\u5c5e\u5de5\u7a0b\u5e08\u5b66\u9662\uff0c\u662f\u6cd5\u56fd\u5927\u5b66\u6821\u8054\u76df\u6210\u5458\uff0c5\u5e74\u672c\u7855\u8fde\u8bfb\u9879\u76ee\u5728225\u6240\u6cd5\u56fd\u5de5\u7a0b\u5e08\u5b66\u9662\u4e2d\u540d\u5217\u524d\u8305\u3002\u5b66\u9662\u5f00\u8bbe5\u5e74\u5236\u6cd5\u8bed\u6388\u8bfe\u672c\u7855\u8fde\u8bfb\u9879\u76ee\u3002\u901a\u8fc7\u4e94\u5e74\u7684\u5b66\u4e60\u5b66\u751f\u5c06\u4f1a\u83b7\u5f97\u6cd5\u56fd\u5de5\u7a0b\u5e08\u6587\u51ed\uff08CTI\uff09\u3002 \u6cd5\u56fdECAM \u5de5\u7a0b\u5e08\u5b66\u9662\u7b80\u4ecb ECAM\u5de5\u7a0b\u5e08\u5b66\u9662\u4e8e1948\u5e74\u83b7\u5f97\u4e86\u6cd5\u56fd\u5de5\u7a0b\u5e08\u5b66\u4f4d\u59d4\u5458\u4f1a\u7684\u8ba4\u8bc1\uff0c\u4e8e1962\u5e74\u83b7\u5f97\u6cd5\u56fd\u56fd\u5bb6\u8ba4\u8bc1\u3002\u5b66\u9662\u4e3a\u6cd5\u56fd\u53ca\u6b27\u6d32\u4f01\u4e1a\u57f9\u517b\u4e86\u5927\u7ea65600\u540d\u5de5\u7a0b\u5e08\uff0c\u4e00\u767e\u591a\u5e74\u7684\u9ad8\u54c1\u8d28\u6559\u5b66\u548c\u4e25\u8c28\u7684\u5b66\u98ce\u8ba9\u6bd5\u4e1a\u4e8eECAM \u7684\u5de5\u7a0b\u5e08\u4eec\u5907\u53d7\u6b27\u6d32\u5de5\u5546\u4f01\u4e1a\u7684\u9752\u7750\u3002\u8be5\u6821\u62e5\u6709\u7ea650\u591a\u6240\u56fd\u9645\u5408\u4f5c\u9662\u6821\u3002\u5728\u6cd5\u56fd\u5de5\u7a0b\u5e08\u5b66\u9662\u4e2d\u9996\u5c48\u4e00\u6307\u3002\u5728\u6cd5\u56fd\u5de5\u4e1a\u754c\uff0cECAM\u5de5\u7a0b\u5e08\u5b66\u9662\u5907\u53d7\u597d\u8bc4\uff0c\u90a3\u662f\u56e0\u4e3a\u4e0e\u4f01\u4e1a\u754c\u7d27\u5bc6\u76f8\u5173\u7684\u53d1\u5c55\u7b56\u7565\u548c\u6559\u5b66\u65b9\u9488\u3002\u81ea1977\u5e74\u5f00\u59cb\uff0c\u5b66\u9662\u521b\u5efa\u4e86\u804c\u4e1a\u5316\u7684\u7ee7\u7eed\u6559\u80b2\u57f9\u8bad\u9879\u76ee\u3002\u4ece1991\u5e74\u5f00\u59cb\uff0cECAM\u5b66\u9662\u83b7\u5f97\u8d44\u8d28\u8ba4\u8bc1\uff0c\u8bbe\u7acb\u4e86\u673a\u68b0\u5de5\u7a0b\u7c7bITII\u5b66\u4f4d\u9879\u76ee\u3002\u6cd5\u56fdECAM\u5de5\u7a0b\u5e08\u5b66\u9662\uff0c\u6839\u636e\u5176\u6559\u5b66\u548c\u7814\u7a76\u9886\u57df\uff0c\u53ef\u4ee5\u4e3b\u8981\u5206\u4e3a\u4e94\u4e2a\u90e8\u5206:\u673a\u68b0\u5de5\u7a0b\u5b66\u3001\u7535\u5b50\u53ca\u81ea\u52a8\u5316\u5b66\u3001\u6750\u6599\u5de5\u7a0b\u5b66\u3001\u4fe1\u606f\u5316\u7ba1\u7406\u548c\u751f\u4ea7\u7ba1\u7406\u7b49\u90e8\u95e8\u3002\u5b66\u9662\u5f00\u8bbe\u7684\u5b66\u79d1\u8986\u76d6\u4e86\u6b27\u6d32\u5927\u578b\u5de5\u4e1a\u96c6\u56e2\u548c\u4e2d\u5c0f\u578b\u4f01\u4e1a\u7684\u5404\u79cd\u5de5\u4e1a\u79d1\u6280\u9886\u57df\u3002 \u6cd5\u56fd\u9c81\u6602\u9ad8\u7b49\u5de5\u7a0b\u5e08\u5b66\u9662(ESIGELEC Rouen) \u6cd5\u56fd\u9c81\u6602\u9ad8\u7b49\u5de5\u7a0b\u5e08\u5b66\u9662(Ecole sup\u00e9rieure d\u2019ing\u00e9nieurs en g\u00e9nie \u00e9lectrique)\uff0c\u662f\u6cd5\u56fd\u653f\u5e9c\uff0c\u6cd5\u56fd\u56fd\u5bb6\u5de5\u4e1a\u90e8\uff0c\u9c81\u6602\u5546\u534f\u4f1a\u5171\u540c\u652f\u6301\u7684\u9ad8\u7b49\u5de5\u7a0b\u5e08\u5927\u5b66\uff0c\u4e5f\u662f\u4e2d\u56fd\u6559\u80b2\u90e8\u8ba4\u53ef\u7684\u6cd5\u56fd\u5de5\u7a0b\u5e08\u5b66\u9662\u4e4b\u4e00\u3002\u63d0\u4f9b\u5de5\u7a0b\u5e08\u6587\u51ed\uff0c\u7855\u58eb\u6587\u51ed\uff0c\u53ca\u535a\u58eb\u8bfe\u7a0b\u3002\u4e3a\u4e94\u5e74\u4e00\u8d2f\u5236\u901a\u8bc6\u6027\u7a0b\u5e08\u5b66\u9662\u3002\u81f4\u529b\u4e8e\u667a\u80fd\u7cfb\u7edf\u7684\u5f00\u53d1\u548c\u7814\u7a76\u3002\u5de5\u7a0b\u5e08\u8bfe\u7a0b\u5b66\u751f\u6bd5\u4e1a\u540e\u83b7\u5de5\u7a0b\u5e08\u6587\u51ed\u5373\u56fd\u5185\u8ba4\u8bc1\u4e3a\u7855\u58eb\u6587\u51ed\uff0c\u5b66\u6821\u7684\u4e13\u4e1a\u4ee5\u7535\u5b50\u3001\u8ba1\u7b97\u673a\u3001\u901a\u4fe1\u53ca\u81ea\u52a8\u5316\u4e3a\u4e3b\uff0c\u5171\u62e5\u670915\u4e2a\u4e3b\u4fee\u65b9\u5411\u3002 \u6bcf\u4e00\u5c4a\u7ea6\u6709400\u4e2a\u5b66\u751f\uff0c\u7ea647%\u7684\u5b66\u751f\u4e3a\u5b66\u5f92\u5236\u6216\u62e5\u6709\u804c\u4e1a\u5408\u540c\u3002\u81ea1901\u5e74\u8d77\uff0c\u5b66\u6821\u5171\u57f9\u517b\u4e8610\u00a0000\u6bd5\u4e1a\u751f\u3002\u9c81\u6602ESIGELEC \u662f\u4e0e\u6cd5\u56fd\u6700\u5927\u7684\u5de5\u7a0b\u5e08\u5b66\u6821\u96c6\u56e2- \u6cd5\u56fd\u9ad8\u7b49\u77ff\u4e1a \u7535\u4fe1\u96c6\u56e2\u5408\u4f5c\u7684\u4e00\u6240\u5b66\u6821\u3002\u00a0\u5b66\u6821\u7684IRSEEM\u7814\u7a76\u6240\u662f\u6b27\u76df\u53ca\u6cd5\u56fd\u56fd\u5bb6\u7ea7\u91cd\u70b9\u7814\u7a76\u6240\uff0c\u6e17\u900f\u5230\u7535\u5b50\u3001\u81ea\u52a8\u5316\u3001\u901a\u4fe1\u3001\u8ba1\u7b97\u673a\u76f8\u5173\u4e13\u4e1a\u4e2d\u30022012\u5e74\u53c8\u76f8\u7ee7\u67094\u4e2a\u76f8\u5173\u7684\u5b9e\u9a8c\u5ba4\u5f00\u653e\uff0c\u8d1f\u8d23\u53c2\u4e0e\u6cd5\u56fd\u7a7a\u5ba2\u53d1\u52a8\u673a\u7684\u7814\u53d1\u3002\u5e76\u5728\u9053\u8fbe\u5c14\u96c6\u56e2\u4e3e\u529e\u7684\u5168\u7403\u673a\u5668\u4eba\u6311\u6218\u8d5b\u4e2d\u83b7\u5f97\u4e16\u754c\u7b2c\u4e8c\uff0c\u5168\u6cd5\u7b2c\u4e00\u3002\u5e76\u4e8e\u96f7\u8bfa\u6c7d\u8f66\u516c\u53f8\u53caTRANSDEV\u5171\u540c\u5f00\u53d1\u4e86\u5168\u6b27\u6d32\u7b2c\u4e00\u8f86\u5c06\u5728\u5f00\u653e\u9053\u8def\u4e0a\u4f7f\u7528\u7684\u65e0\u4eba\u9a7e\u9a76\u6c7d\u8f66\uff0c\u5c06\u57282018\u5e74\u6625\u5929\u5728\u9c81\u6602\u6295\u5165\u4f7f\u7528\u3002\u5b66\u6821\u5b9e\u884c\u5c0f\u73ed\u5316\u3001\u7cbe\u7ec6\u5316\u6559\u5b66\uff0c\u4e0e650\u5bb6\u6d77\u5916\u516c\u53f8\uff0c\u53ca85\u6240\u6d77\u5916\u9662\u6821\u5efa\u7acb\u4e86\u5408\u4f5c\u5173\u7cfb\uff0c\u63d0\u4f9b\u5b66\u672f\u4ea4\u6d41\u3001\u7814\u53d1\u3001\u57f9\u8bad\uff0c\u4e3a\u5b66\u751f\u63d0\u4f9b\u5b9e\u4e60\u5c97\u4f4d\u7b49\u5408\u4f5c\u3002\u6bd5\u4e1a\u751f\u5e74\u5747\u6536\u5165\u9ad8\u8fbe 40550\u6b27\u5143\u3002\u4e3a\u5168\u6cd5\u6700\u53d7\u4f01\u4e1a\u6b22\u8fce\u7684\u5de5\u7a0b\u5e08\u5b66\u6821\u4e4b\u4e00\u3002 \u00a0 \u9662\u6821\u540d\u5355\uff1a \u5b66\u6821\u540d\u79f0 \u6027\u8d28 \u4e16\u754c\u5de5\u7a0b\u5e08\u5b66\u9662\u6392\u540d\u60c5\u51b5 \u6cd5\u56fd\u6392\u540d\u60c5\u51b5 \u4e0e\u56fd\u5185\u9ad8\u6821\u7b49\u540c \u5f55\u53d6\u6761\u4ef6 IMT Lille Douai | \u91cc\u5c14\u675c\u57c3\u77ff\u6821\u7535\u4fe1\u5de5\u7a0b\u5e08\u5b66\u9662 \u516c\u7acb 15\u4f4d 5\u4f4d \u6e05\u534e\u5927\u5b66\u3001\u5317\u4eac\u5927\u5b66 \u9ad8\u8003\u4e00\u672c\u7ebf Polytech Orl\u00e9ans | \u5965\u5c14\u826f\u7efc\u5408\u7406\u5de5\u5de5\u7a0b\u5e08\u5b66\u9662 \u516c\u7acb 65\u4f4d 15\u4f4d [&hellip;]<\/p>\n","protected":false},"author":1,"featured_media":0,"parent":201,"menu_order":0,"comment_status":"closed","ping_status":"closed","template":"elementor_theme","meta":{"_eb_attr":"","footnotes":""},"class_list":["post-25910","page","type-page","status-publish","hentry"],"_links":{"self":[{"href":"https:\/\/www.fr-education.com\/index.php\/wp-json\/wp\/v2\/pages\/25910","targetHints":{"allow":["GET"]}}],"collection":[{"href":"https:\/\/www.fr-education.com\/index.php\/wp-json\/wp\/v2\/pages"}],"about":[{"href":"https:\/\/www.fr-education.com\/index.php\/wp-json\/wp\/v2\/types\/page"}],"author":[{"embeddable":true,"href":"https:\/\/www.fr-education.com\/index.php\/wp-json\/wp\/v2\/users\/1"}],"replies":[{"embeddable":true,"href":"https:\/\/www.fr-education.com\/index.php\/wp-json\/wp\/v2\/comments?post=25910"}],"version-history":[{"count":5,"href":"https:\/\/www.fr-education.com\/index.php\/wp-json\/wp\/v2\/pages\/25910\/revisions"}],"predecessor-version":[{"id":25916,"href":"https:\/\/www.fr-education.com\/index.php\/wp-json\/wp\/v2\/pages\/25910\/revisions\/25916"}],"up":[{"embeddable":true,"href":"https:\/\/www.fr-education.com\/index.php\/wp-json\/wp\/v2\/pages\/201"}],"wp:attachment":[{"href":"https:\/\/www.fr-education.com\/index.php\/wp-json\/wp\/v2\/media?parent=25910"}],"curies":[{"name":"wp","href":"https:\/\/api.w.org\/{rel}","templated":true}]}}